
{"id":4496,"date":"2019-04-15T17:16:22","date_gmt":"2019-04-15T14:16:22","guid":{"rendered":"https:\/\/www.valykla.lt\/?page_id=4496"},"modified":"2019-04-15T17:16:22","modified_gmt":"2019-04-15T14:16:22","slug":"cookie-policy","status":"publish","type":"page","link":"https:\/\/www.valykla.lt\/en\/cookie-policy\/","title":{"rendered":"Cookie policy"},"content":{"rendered":"<p><b>Kas yra slapukai ?<\/b><\/p>\n<p>Slapukai (angl. cookies) \u2013 trumpa tekstin\u0117 informacija, kuri\u0105 svetain\u0117s patalpina jas nar\u0161an\u010di\u0173 vartotoj\u0173 kompiuteriuose ar kituose \u012frenginiuose. Priklausomai nuo nar\u0161ykl\u0117s, \u0161i informacija talpinama arba nedideliuose atskiruose failuose arba \u012fvairi\u0173 svetaini\u0173 \u012fra\u0161yt\u0173 slapuk\u0173 bendrame faile.<\/p>\n<p>Slapukus naudoja daugelis pa\u017eangi\u0173 internetini\u0173 svetaini\u0173 Lietuvoje ir u\u017esienyje. Slapukai gali b\u016bti patalpinti tik, jei t\u0105 leid\u017eia J\u016bs\u0173 \u012frenginio nustatymai. Slapukai gali b\u016bti skirting\u0173 tip\u0173 ir be j\u0173 interneto svetain\u0117s negal\u0117t\u0173 veikti taip, kaip esate \u012fprat\u0119.<br \/>\nPavyzd\u017eiui, nenaudojant slapuko, patvirtinan\u010dio j\u016bs\u0173 prisijungim\u0105, tinklapis ne\u017einot\u0173, jog reikia rodyti J\u016bs\u0173 profil\u012f. Arba tinklapis kas kart\u0105 pateikt\u0173 Jums prane\u0161im\u0105 \u201catsipra\u0161ome, J\u016bs privalote prisijungti\u201d, kadangi neprisimint\u0173, kas J\u016bs esate.<\/p>\n<p>Laikydamiesi nauj\u0173j\u0173 teis\u0117s akt\u0173, pareng\u0117me detal\u0173 \u0161ioje svetain\u0117je naudojam\u0173 slapuk\u0173 apra\u0161ym\u0105, kad patys gal\u0117tum\u0117te nuspr\u0119sti, ar Jus jie tenkina, ar ver\u010diau panaikinti esan\u010dius slapukus, o gal net visai i\u0161jungti slapuk\u0173 naudojim\u0105 Valykla.lt<b> <\/b>svetain\u0117je.<\/p>\n<p><b><b>Slapuk\u0173 naudojimas Valykla.lt svetain\u0117je<\/b><\/b><\/p>\n<p>Svetain\u0117je Valykla.lt<b> <\/b>slapukai naudojami tam, kad b\u016bt\u0173 galima nustatyti, ar asmenys i\u0161 J\u016bs\u0173 \u012frenginio jau lank\u0117si m\u016bs\u0173 svetain\u0117je, \u012fsiminti atliktus veiksmus (pvz. svetain\u0117s kalbos pasirinkimas), rinkti apibendrint\u0105 svetain\u0117s lankomumo statistik\u0105.<\/p>\n<p>Svetain\u0117je Valykla.lt naudojami slapukai:<\/p>\n<p>&nbsp;<\/p>\n<table class=\"cookies-table\" border=\"1\" style=\"width: 100%;\">\n<tbody>\n<tr>\n<td style=\"width: 20%;\">Slapuko pavadinimas<\/td>\n<td style=\"width: 30%;\">Apra\u0161ymas<\/td>\n<td style=\"width: 20%;\">Suk\u016brimo momentas<\/td>\n<td style=\"width: 15%;\">Galiojimo terminas<\/td>\n<td style=\"width: 15%;\">Naudojami duomenys<\/td>\n<\/tr>\n<tr>\n<td style=\"width: 20%;\">wordpress_test_cookie<\/td>\n<td style=\"width: 30%;\">WordPress slapukas, naudojamas patikrinti ar nar\u0161ykl\u0117 palaiko slapuk\u0173 \u012fra\u0161ym\u0105.<\/td>\n<td style=\"width: 20%;\">\u012eeinant \u012f puslap\u012f<\/td>\n<td style=\"width: 15%;\">Iki interneto svetain\u0117s lango u\u017edarymo<\/td>\n<td style=\"width: 15%;\">Unikalus identifikatorius<\/td>\n<\/tr>\n<tr>\n<td style=\"width: 20%;\">cookie_notice_accepted<\/td>\n<td style=\"width: 30%;\">Naudojamas informacijai apie slapuk\u0173 politikos sutikim\u0105 i\u0161saugojim\u0105<\/td>\n<td style=\"width: 20%;\">Paspaudus \u201eSutiku\u201c d\u0117l slapuk\u0173 naudojimo politikos<\/td>\n<td style=\"width: 15%;\">6 m\u0117nesiai<\/td>\n<td style=\"width: 15%;\">&#8211;<\/td>\n<\/tr>\n<tr>\n<td style=\"width: 20%;\">woocommerce_cart_hash<\/td>\n<td style=\"width: 40%;\">Preki\u0173 krep\u0161elio identifikatorius<\/td>\n<td style=\"width: 20%;\">Prid\u0117jus pirm\u0105j\u0105 prek\u0119 \u012f krep\u0161el\u012f<\/td>\n<td style=\"width: 20%;\">Neribotai<\/td>\n<td style=\"width: 15%;\">Unikalus identifikatorius<\/td>\n<\/tr>\n<tr>\n<td style=\"width: 20%;\">woocommerce_items_in_cart<\/td>\n<td style=\"width: 30%;\">Preki\u0173 krep\u0161elyje kiekis<\/td>\n<td style=\"width: 20%;\">Prid\u0117jus pirm\u0105j\u0105 prek\u0119 \u012f krep\u0161el\u012f<\/td>\n<td style=\"width: 15%;\">Neribotai<\/td>\n<td style=\"width: 15%;\">Preki\u0173 kiekis<\/td>\n<\/tr>\n<tr>\n<td style=\"width: 20%;\">wp_woocommerce_session_<\/td>\n<td style=\"width: 30%;\">Padeda parduotuv\u0117s sistemai rasti duomenis duomen\u0173 baz\u0117je apie krep\u0161el\u012f<\/td>\n<td style=\"width: 20%;\">Prid\u0117jus pirm\u0105j\u0105 prek\u0119 \u012f krep\u0161el\u012f<\/td>\n<td style=\"width: 15%;\">Dvi dienas<\/td>\n<td style=\"width: 15%;\">Unikalus identifikatorius<\/td>\n<\/tr>\n<tr>\n<td style=\"width: 20%;\">_icl_current_language<\/td>\n<td style=\"width: 30%;\">Slapukas naudojamas vartotojo pasirinktos kalbos i\u0161saugojimui<\/td>\n<td style=\"width: 20%;\">\u012eeinant \u012f puslap\u012f<\/td>\n<td style=\"width: 15%;\">1 diena<\/td>\n<td style=\"width: 15%;\">Kalbos identitetas<\/td>\n<\/tr>\n<tr>\n<td style=\"width: 20%;\">wordpress_logged_in_<\/td>\n<td style=\"width: 30%;\">WordPress prisijungusio vartotojo slapukas<\/td>\n<td style=\"width: 20%;\">Prisijungiant prie svetain\u0117s<\/td>\n<td style=\"width: 15%;\">Iki interneto svetain\u0117s lango u\u017edarymo arba 15 dien\u0173<\/td>\n<td style=\"width: 15%;\">Unikalus identifikatorius<\/td>\n<\/tr>\n<tr>\n<td style=\"width: 20%;\">wordpress_sec_<\/td>\n<td style=\"width: 30%;\">WordPress slapukas, naudojamas paskyros saugumui u\u017etikrinti.<\/td>\n<td style=\"width: 20%;\">Prisijungiant prie svetain\u0117s<\/td>\n<td style=\"width: 15%;\">Iki interneto svetain\u0117s lango u\u017edarymo arba 15 dien\u0173<\/td>\n<td style=\"width: 15%;\">Unikalus identifikatorius<\/td>\n<\/tr>\n<tr>\n<td style=\"width: 20%;\">PHPSESSID<\/td>\n<td style=\"width: 30%;\">Sesijos ID slapukas, naudojamas puslapio funkcionalumui u\u017etikrinti (pvz., gr\u012f\u017eimas atgal \u012f paskutin\u0119 s\u0105ra\u0161o viet\u0105).<\/td>\n<td style=\"width: 20%;\">\u012eeinant \u012f puslap\u012f<\/td>\n<td style=\"width: 15%;\">Iki interneto svetain\u0117s lango u\u017edarymo<\/td>\n<td style=\"width: 15%;\">Unikalus identifikatorius<\/td>\n<\/tr>\n<\/tbody>\n<\/table>\n<p>&nbsp;<\/p>\n<p>Nar\u0161ydami valykla.lt<b> <\/b>svetain\u0117je sutinkate, kad su slapuk\u0173 \u012fra\u0161ymu \u012f J\u016bs\u0173 kompiuter\u012f ar kit\u0105 \u012frengin\u012f. Savo sutikim\u0105 bet kada gal\u0117site at\u0161aukti pakeisdami savo interneto nar\u0161ykl\u0117s nustatymus ir i\u0161trindami \u012fra\u0161ytus slapukus. Informacij\u0105, kaip t\u0105 padaryti, galite rasti nar\u0161ykli\u0173 pagalbos puslapiuose:<\/p>\n<p><a href=\"https:\/\/support.mozilla.org\/en-US\/kb\/enable-and-disable-cookies-website-preferences\" target=\"_blank\">Mozilla Firefox<\/a><br \/>\n<a href=\"https:\/\/support.google.com\/chrome\/answer\/95647?hl=lt\" target=\"_blank\">Google Chrome<\/a><br \/>\n<a href=\"http:\/\/windows.microsoft.com\/en-US\/internet-explorer\/delete-manage-cookies\" target=\"_blank\">Internet Explorer<\/a><br \/>\n<a href=\"http:\/\/help.apple.com\/safari\/mac\/8.0\/#\/sfri11471\" target=\"_blank\">Safari<\/a><\/p>\n<div class=\"ipWidget ipWidget-Heading ipSkin-default\">\n<p><b><b>IP adresai<\/b><\/b><\/p>\n<p>IP adresas yra numeris, pagal kur\u012f yra atpa\u017e\u012fstamas kompiuteris ar kitas \u012frenginys, naudojamas prisijungiant prie interneto. Da\u017eniausiai serveris automati\u0161kai surenka IP adresus ir naudoja juos administruojant svetain\u0119. IP adresai da\u017eniausiai yra naudojami kartu su slapukais, kad pastarieji atsimint\u0173 kompiuter\u012f arba kitus prietaisus, naudojamus prisijungiant prie \u0161io tinklapio. \u0160i svetain\u0117 naudoja IP adresus kartu su slapukais.<\/p>\n<p><b><b>Atsakymai \u012f J\u016bs\u0173 klausimus<\/b><\/b><\/p>\n<p>Jei d\u0117l \u010dia pateiktos informacijos Jums i\u0161kilt\u0173 klausim\u0173, maloniai pra\u0161ome susisiekti su mumis el. pa\u0161tu info @ valykla.lt<\/p>\n<\/div>\n","protected":false},"excerpt":{"rendered":"<p>Kas yra slapukai ? Slapukai (angl. cookies) \u2013 trumpa tekstin\u0117 informacija, kuri\u0105 svetain\u0117s patalpina jas nar\u0161an\u010di\u0173 vartotoj\u0173 kompiuteriuose ar kituose \u012frenginiuose. Priklausomai nuo nar\u0161ykl\u0117s, \u0161i informacija talpinama arba nedideliuose atskiruose failuose arba \u012fvairi\u0173 svetaini\u0173 \u012fra\u0161yt\u0173 slapuk\u0173 bendrame faile. Slapukus naudoja daugelis pa\u017eangi\u0173 internetini\u0173 svetaini\u0173 Lietuvoje ir u\u017esienyje. Slapukai gali b\u016bti patalpinti tik, jei t\u0105 leid\u017eia [&hellip;]<\/p>\n","protected":false},"author":2,"featured_media":0,"parent":0,"menu_order":0,"comment_status":"closed","ping_status":"closed","template":"","meta":[],"_links":{"self":[{"href":"https:\/\/www.valykla.lt\/en\/wp-json\/wp\/v2\/pages\/4496"}],"collection":[{"href":"https:\/\/www.valykla.lt\/en\/wp-json\/wp\/v2\/pages"}],"about":[{"href":"https:\/\/www.valykla.lt\/en\/wp-json\/wp\/v2\/types\/page"}],"author":[{"embeddable":true,"href":"https:\/\/www.valykla.lt\/en\/wp-json\/wp\/v2\/users\/2"}],"replies":[{"embeddable":true,"href":"https:\/\/www.valykla.lt\/en\/wp-json\/wp\/v2\/comments?post=4496"}],"version-history":[{"count":1,"href":"https:\/\/www.valykla.lt\/en\/wp-json\/wp\/v2\/pages\/4496\/revisions"}],"predecessor-version":[{"id":4497,"href":"https:\/\/www.valykla.lt\/en\/wp-json\/wp\/v2\/pages\/4496\/revisions\/4497"}],"wp:attachment":[{"href":"https:\/\/www.valykla.lt\/en\/wp-json\/wp\/v2\/media?parent=4496"}],"curies":[{"name":"wp","href":"https:\/\/api.w.org\/{rel}","templated":true}]}}